{"id":2528,"date":"2025-07-15T18:05:38","date_gmt":"2025-07-15T18:05:38","guid":{"rendered":"https:\/\/regaloselglobbo.com\/?post_type=product&#038;p=2528"},"modified":"2026-01-26T18:23:59","modified_gmt":"2026-01-26T18:23:59","slug":"globo-burbuja-get-well-soon","status":"publish","type":"product","link":"https:\/\/regaloselglobbo.com\/?product=globo-burbuja-get-well-soon","title":{"rendered":"Globo burbuja get well soon"},"content":{"rendered":"","protected":false},"excerpt":{"rendered":"<p>Globo burbuja 24 pulgadas. pintado a la mitad, pintado a mano. con frase get well soon, Colores ya establecidos. con 3 pompones de china.<\/p>\n<p>La visualizaci\u00f3n final del producto entregado puede variar en la realidad respecto a esta imagen, ya que el globo se elabora a mano.<\/p>\n<p>Duraci\u00f3n estimada del globo es de 1 d\u00eda. Esta duraci\u00f3n del globo puede variar dependiendo de distintos factores, principalmente los cambios de temperatura.<\/p>\n","protected":false},"featured_media":2520,"comment_status":"open","ping_status":"closed","template":"","meta":{"_acf_changed":false,"_joinchat":[]},"product_brand":[],"product_cat":[68],"product_tag":[],"class_list":{"0":"post-2528","1":"product","2":"type-product","3":"status-publish","4":"has-post-thumbnail","6":"product_cat-aliviate-pronto","8":"first","9":"instock","10":"shipping-taxable","11":"purchasable","12":"product-type-simple"},"acf":[],"_links":{"self":[{"href":"https:\/\/regaloselglobbo.com\/index.php?rest_route=\/wp\/v2\/product\/2528","targetHints":{"allow":["GET"]}}],"collection":[{"href":"https:\/\/regaloselglobbo.com\/index.php?rest_route=\/wp\/v2\/product"}],"about":[{"href":"https:\/\/regaloselglobbo.com\/index.php?rest_route=\/wp\/v2\/types\/product"}],"replies":[{"embeddable":true,"href":"https:\/\/regaloselglobbo.com\/index.php?rest_route=%2Fwp%2Fv2%2Fcomments&post=2528"}],"wp:featuredmedia":[{"embeddable":true,"href":"https:\/\/regaloselglobbo.com\/index.php?rest_route=\/wp\/v2\/media\/2520"}],"wp:attachment":[{"href":"https:\/\/regaloselglobbo.com\/index.php?rest_route=%2Fwp%2Fv2%2Fmedia&parent=2528"}],"wp:term":[{"taxonomy":"product_brand","embeddable":true,"href":"https:\/\/regaloselglobbo.com\/index.php?rest_route=%2Fwp%2Fv2%2Fproduct_brand&post=2528"},{"taxonomy":"product_cat","embeddable":true,"href":"https:\/\/regaloselglobbo.com\/index.php?rest_route=%2Fwp%2Fv2%2Fproduct_cat&post=2528"},{"taxonomy":"product_tag","embeddable":true,"href":"https:\/\/regaloselglobbo.com\/index.php?rest_route=%2Fwp%2Fv2%2Fproduct_tag&post=2528"}],"curies":[{"name":"wp","href":"https:\/\/api.w.org\/{rel}","templated":true}]}}