{"id":2532,"date":"2025-07-15T18:38:11","date_gmt":"2025-07-15T18:38:11","guid":{"rendered":"https:\/\/regaloselglobbo.com\/?post_type=product&#038;p=2532"},"modified":"2026-01-26T18:19:55","modified_gmt":"2026-01-26T18:19:55","slug":"globo-burbuja-y-globos-chicos","status":"publish","type":"product","link":"https:\/\/regaloselglobbo.com\/?product=globo-burbuja-y-globos-chicos","title":{"rendered":"Globo burbuja y globos chicos."},"content":{"rendered":"","protected":false},"excerpt":{"rendered":"<p>Globo burbuja 24 pulgadas. pintado al mitad pintado a mano. con frase happy anniversary. Colores ya establecidos. con 3 pompones de china. 2 globos met\u00e1licos coraz\u00f3n y 1 globo met\u00e1lico mediano.<\/p>\n<p>La visualizaci\u00f3n final del producto entregado puede variar en la realidad respecto a esta imagen, ya que el globo se elabora a mano.<\/p>\n<p>Duraci\u00f3n estimada de los globos puede variar dependiendo de distintos factores, principalmente los cambios de temperatura.<\/p>\n","protected":false},"featured_media":2526,"comment_status":"open","ping_status":"closed","template":"","meta":{"_acf_changed":false,"_joinchat":[]},"product_brand":[],"product_cat":[71],"product_tag":[],"class_list":{"0":"post-2532","1":"product","2":"type-product","3":"status-publish","4":"has-post-thumbnail","6":"product_cat-aniversario","8":"first","9":"instock","10":"shipping-taxable","11":"purchasable","12":"product-type-simple"},"acf":[],"_links":{"self":[{"href":"https:\/\/regaloselglobbo.com\/index.php?rest_route=\/wp\/v2\/product\/2532","targetHints":{"allow":["GET"]}}],"collection":[{"href":"https:\/\/regaloselglobbo.com\/index.php?rest_route=\/wp\/v2\/product"}],"about":[{"href":"https:\/\/regaloselglobbo.com\/index.php?rest_route=\/wp\/v2\/types\/product"}],"replies":[{"embeddable":true,"href":"https:\/\/regaloselglobbo.com\/index.php?rest_route=%2Fwp%2Fv2%2Fcomments&post=2532"}],"wp:featuredmedia":[{"embeddable":true,"href":"https:\/\/regaloselglobbo.com\/index.php?rest_route=\/wp\/v2\/media\/2526"}],"wp:attachment":[{"href":"https:\/\/regaloselglobbo.com\/index.php?rest_route=%2Fwp%2Fv2%2Fmedia&parent=2532"}],"wp:term":[{"taxonomy":"product_brand","embeddable":true,"href":"https:\/\/regaloselglobbo.com\/index.php?rest_route=%2Fwp%2Fv2%2Fproduct_brand&post=2532"},{"taxonomy":"product_cat","embeddable":true,"href":"https:\/\/regaloselglobbo.com\/index.php?rest_route=%2Fwp%2Fv2%2Fproduct_cat&post=2532"},{"taxonomy":"product_tag","embeddable":true,"href":"https:\/\/regaloselglobbo.com\/index.php?rest_route=%2Fwp%2Fv2%2Fproduct_tag&post=2532"}],"curies":[{"name":"wp","href":"https:\/\/api.w.org\/{rel}","templated":true}]}}