{"id":2561,"date":"2026-01-26T20:28:20","date_gmt":"2026-01-26T20:28:20","guid":{"rendered":"https:\/\/regaloselglobbo.com\/?post_type=product&#038;p=2561"},"modified":"2026-01-26T20:28:20","modified_gmt":"2026-01-26T20:28:20","slug":"globo-todo-pintado","status":"publish","type":"product","link":"https:\/\/regaloselglobbo.com\/?product=globo-todo-pintado","title":{"rendered":"Globo todo pintado"},"content":{"rendered":"","protected":false},"excerpt":{"rendered":"<p>Globo burbuja 24 pulgadas. todo pintado y pintada a mano, frases \u201cLove you so mueh\u201d. Colores ya establecidos. con tira de papel de pl\u00e1stico de color rojo.<\/p>\n<p>La visualizaci\u00f3n final del producto entregado puede variar en la realidad respecto a esta imagen, ya que el globo se elabora a mano.<\/p>\n<p>Duraci\u00f3n estimada de los globos es de 1 d\u00eda. Esta duraci\u00f3n del globo puede variar dependiendo de distintos factores, principalmente los cambios de temperatura.<\/p>\n","protected":false},"featured_media":2558,"comment_status":"open","ping_status":"closed","template":"","meta":{"_acf_changed":false,"_joinchat":[]},"product_brand":[],"product_cat":[55,71],"product_tag":[],"class_list":{"0":"post-2561","1":"product","2":"type-product","3":"status-publish","4":"has-post-thumbnail","6":"product_cat-14-de-febrero","7":"product_cat-aniversario","9":"first","10":"instock","11":"shipping-taxable","12":"purchasable","13":"product-type-simple"},"acf":[],"_links":{"self":[{"href":"https:\/\/regaloselglobbo.com\/index.php?rest_route=\/wp\/v2\/product\/2561","targetHints":{"allow":["GET"]}}],"collection":[{"href":"https:\/\/regaloselglobbo.com\/index.php?rest_route=\/wp\/v2\/product"}],"about":[{"href":"https:\/\/regaloselglobbo.com\/index.php?rest_route=\/wp\/v2\/types\/product"}],"replies":[{"embeddable":true,"href":"https:\/\/regaloselglobbo.com\/index.php?rest_route=%2Fwp%2Fv2%2Fcomments&post=2561"}],"wp:featuredmedia":[{"embeddable":true,"href":"https:\/\/regaloselglobbo.com\/index.php?rest_route=\/wp\/v2\/media\/2558"}],"wp:attachment":[{"href":"https:\/\/regaloselglobbo.com\/index.php?rest_route=%2Fwp%2Fv2%2Fmedia&parent=2561"}],"wp:term":[{"taxonomy":"product_brand","embeddable":true,"href":"https:\/\/regaloselglobbo.com\/index.php?rest_route=%2Fwp%2Fv2%2Fproduct_brand&post=2561"},{"taxonomy":"product_cat","embeddable":true,"href":"https:\/\/regaloselglobbo.com\/index.php?rest_route=%2Fwp%2Fv2%2Fproduct_cat&post=2561"},{"taxonomy":"product_tag","embeddable":true,"href":"https:\/\/regaloselglobbo.com\/index.php?rest_route=%2Fwp%2Fv2%2Fproduct_tag&post=2561"}],"curies":[{"name":"wp","href":"https:\/\/api.w.org\/{rel}","templated":true}]}}