{"id":2567,"date":"2026-01-26T20:53:39","date_gmt":"2026-01-26T20:53:39","guid":{"rendered":"https:\/\/regaloselglobbo.com\/?post_type=product&#038;p=2567"},"modified":"2026-01-26T20:53:39","modified_gmt":"2026-01-26T20:53:39","slug":"ramillete-de-corazones-2","status":"publish","type":"product","link":"https:\/\/regaloselglobbo.com\/?product=ramillete-de-corazones-2","title":{"rendered":"Ramillete de corazones"},"content":{"rendered":"","protected":false},"excerpt":{"rendered":"<p>Ramillete de globos de coraz\u00f3n en color rojo. tama\u00f1o 18 pulgadas. con cada uno con su espiral de globo.<\/p>\n<p>La visualizaci\u00f3n final del producto entregado puede variar en la realidad respecto a esta imagen, ya que el globo se elabora a mano.<\/p>\n<p>Duraci\u00f3n estimada de los globos es de varios d\u00eda. Esta duraci\u00f3n del globo puede variar dependiendo de distintos factores, principalmente los cambios de temperatura.<\/p>\n","protected":false},"featured_media":2564,"comment_status":"open","ping_status":"closed","template":"","meta":{"_acf_changed":false,"_joinchat":[]},"product_brand":[],"product_cat":[55,71],"product_tag":[],"class_list":{"0":"post-2567","1":"product","2":"type-product","3":"status-publish","4":"has-post-thumbnail","6":"product_cat-14-de-febrero","7":"product_cat-aniversario","9":"first","10":"instock","11":"shipping-taxable","12":"purchasable","13":"product-type-simple"},"acf":[],"_links":{"self":[{"href":"https:\/\/regaloselglobbo.com\/index.php?rest_route=\/wp\/v2\/product\/2567","targetHints":{"allow":["GET"]}}],"collection":[{"href":"https:\/\/regaloselglobbo.com\/index.php?rest_route=\/wp\/v2\/product"}],"about":[{"href":"https:\/\/regaloselglobbo.com\/index.php?rest_route=\/wp\/v2\/types\/product"}],"replies":[{"embeddable":true,"href":"https:\/\/regaloselglobbo.com\/index.php?rest_route=%2Fwp%2Fv2%2Fcomments&post=2567"}],"wp:featuredmedia":[{"embeddable":true,"href":"https:\/\/regaloselglobbo.com\/index.php?rest_route=\/wp\/v2\/media\/2564"}],"wp:attachment":[{"href":"https:\/\/regaloselglobbo.com\/index.php?rest_route=%2Fwp%2Fv2%2Fmedia&parent=2567"}],"wp:term":[{"taxonomy":"product_brand","embeddable":true,"href":"https:\/\/regaloselglobbo.com\/index.php?rest_route=%2Fwp%2Fv2%2Fproduct_brand&post=2567"},{"taxonomy":"product_cat","embeddable":true,"href":"https:\/\/regaloselglobbo.com\/index.php?rest_route=%2Fwp%2Fv2%2Fproduct_cat&post=2567"},{"taxonomy":"product_tag","embeddable":true,"href":"https:\/\/regaloselglobbo.com\/index.php?rest_route=%2Fwp%2Fv2%2Fproduct_tag&post=2567"}],"curies":[{"name":"wp","href":"https:\/\/api.w.org\/{rel}","templated":true}]}}